{"id":564,"date":"2022-08-30T19:25:52","date_gmt":"2022-08-30T19:25:52","guid":{"rendered":"https:\/\/revitalization.localdevelopment.eu\/?page_id=564"},"modified":"2023-01-26T12:25:48","modified_gmt":"2023-01-26T12:25:48","slug":"publikacje","status":"publish","type":"page","link":"https:\/\/revitalization.localdevelopment.eu\/?page_id=564","title":{"rendered":"Publikacje"},"content":{"rendered":"<h4>Publikacje<\/h4>\n<ul><\/ul>\n<style>\/*! elementor - v3.10.1 - 17-01-2023 *\/\n.elementor-widget-image{text-align:center}.elementor-widget-image a{display:inline-block}.elementor-widget-image a img[src$=\".svg\"]{width:48px}.elementor-widget-image img{vertical-align:middle;display:inline-block}<\/style>\n<p>\t\t\t\t\t\t\t\t\t\t\t\t<img decoding=\"async\" width=\"1024\" height=\"683\" src=\"https:\/\/revitalization.localdevelopment.eu\/wp-content\/uploads\/2022\/12\/ROLA-ADMINISTRACJI-PUBLICZNEJ-EBOOK-1024x683.jpg\" alt=\"\" loading=\"lazy\" srcset=\"https:\/\/revitalization.localdevelopment.eu\/wp-content\/uploads\/2022\/12\/ROLA-ADMINISTRACJI-PUBLICZNEJ-EBOOK-1024x683.jpg 1024w, https:\/\/revitalization.localdevelopment.eu\/wp-content\/uploads\/2022\/12\/ROLA-ADMINISTRACJI-PUBLICZNEJ-EBOOK-300x200.jpg 300w, https:\/\/revitalization.localdevelopment.eu\/wp-content\/uploads\/2022\/12\/ROLA-ADMINISTRACJI-PUBLICZNEJ-EBOOK-768x512.jpg 768w, https:\/\/revitalization.localdevelopment.eu\/wp-content\/uploads\/2022\/12\/ROLA-ADMINISTRACJI-PUBLICZNEJ-EBOOK-1536x1024.jpg 1536w, https:\/\/revitalization.localdevelopment.eu\/wp-content\/uploads\/2022\/12\/ROLA-ADMINISTRACJI-PUBLICZNEJ-EBOOK-1000x667.jpg 1000w, https:\/\/revitalization.localdevelopment.eu\/wp-content\/uploads\/2022\/12\/ROLA-ADMINISTRACJI-PUBLICZNEJ-EBOOK-230x153.jpg 230w, https:\/\/revitalization.localdevelopment.eu\/wp-content\/uploads\/2022\/12\/ROLA-ADMINISTRACJI-PUBLICZNEJ-EBOOK-350x233.jpg 350w, https:\/\/revitalization.localdevelopment.eu\/wp-content\/uploads\/2022\/12\/ROLA-ADMINISTRACJI-PUBLICZNEJ-EBOOK-480x320.jpg 480w, https:\/\/revitalization.localdevelopment.eu\/wp-content\/uploads\/2022\/12\/ROLA-ADMINISTRACJI-PUBLICZNEJ-EBOOK.jpg 1600w\" sizes=\"auto, (max-width: 1024px) 100vw, 1024px\" \/>\t\t\t\t\t\t\t\t\t\t\t\t\t\t\t<\/p>\n<style>\/*! elementor - v3.10.1 - 17-01-2023 *\/\n.elementor-widget-divider{--divider-border-style:none;--divider-border-width:1px;--divider-color:#2c2c2c;--divider-icon-size:20px;--divider-element-spacing:10px;--divider-pattern-height:24px;--divider-pattern-size:20px;--divider-pattern-url:none;--divider-pattern-repeat:repeat-x}.elementor-widget-divider .elementor-divider{display:flex}.elementor-widget-divider .elementor-divider__text{font-size:15px;line-height:1;max-width:95%}.elementor-widget-divider .elementor-divider__element{margin:0 var(--divider-element-spacing);flex-shrink:0}.elementor-widget-divider .elementor-icon{font-size:var(--divider-icon-size)}.elementor-widget-divider .elementor-divider-separator{display:flex;margin:0;direction:ltr}.elementor-widget-divider--view-line_icon .elementor-divider-separator,.elementor-widget-divider--view-line_text .elementor-divider-separator{align-items:center}.elementor-widget-divider--view-line_icon .elementor-divider-separator:after,.elementor-widget-divider--view-line_icon .elementor-divider-separator:before,.elementor-widget-divider--view-line_text .elementor-divider-separator:after,.elementor-widget-divider--view-line_text .elementor-divider-separator:before{display:block;content:\"\";border-bottom:0;flex-grow:1;border-top:var(--divider-border-width) var(--divider-border-style) var(--divider-color)}.elementor-widget-divider--element-align-left .elementor-divider .elementor-divider-separator>.elementor-divider__svg:first-of-type{flex-grow:0;flex-shrink:100}.elementor-widget-divider--element-align-left .elementor-divider-separator:before{content:none}.elementor-widget-divider--element-align-left .elementor-divider__element{margin-left:0}.elementor-widget-divider--element-align-right .elementor-divider .elementor-divider-separator>.elementor-divider__svg:last-of-type{flex-grow:0;flex-shrink:100}.elementor-widget-divider--element-align-right .elementor-divider-separator:after{content:none}.elementor-widget-divider--element-align-right .elementor-divider__element{margin-right:0}.elementor-widget-divider:not(.elementor-widget-divider--view-line_text):not(.elementor-widget-divider--view-line_icon) .elementor-divider-separator{border-top:var(--divider-border-width) var(--divider-border-style) var(--divider-color)}.elementor-widget-divider--separator-type-pattern{--divider-border-style:none}.elementor-widget-divider--separator-type-pattern.elementor-widget-divider--view-line .elementor-divider-separator,.elementor-widget-divider--separator-type-pattern:not(.elementor-widget-divider--view-line) .elementor-divider-separator:after,.elementor-widget-divider--separator-type-pattern:not(.elementor-widget-divider--view-line) .elementor-divider-separator:before,.elementor-widget-divider--separator-type-pattern:not([class*=elementor-widget-divider--view]) .elementor-divider-separator{width:100%;min-height:var(--divider-pattern-height);-webkit-mask-size:var(--divider-pattern-size) 100%;mask-size:var(--divider-pattern-size) 100%;-webkit-mask-repeat:var(--divider-pattern-repeat);mask-repeat:var(--divider-pattern-repeat);background-color:var(--divider-color);-webkit-mask-image:var(--divider-pattern-url);mask-image:var(--divider-pattern-url)}.elementor-widget-divider--no-spacing{--divider-pattern-size:auto}.elementor-widget-divider--bg-round{--divider-pattern-repeat:round}.rtl .elementor-widget-divider .elementor-divider__text{direction:rtl}.e-con-inner>.elementor-widget-divider,.e-con>.elementor-widget-divider{width:var(--container-widget-width);--flex-grow:var(--container-widget-flex-grow)}<\/style>\n<h5>ROLA ADMINISTRACJI PUBLICZNEJ W ZARZ\u0104DZANIU REWITALIZACJ\u0104 MIAST<br \/>Do\u015bwiadczenia Polski i Mo\u0142dawii<\/h5>\n<h5>Redakcja naukowa<br \/>Mariusz W. Sienkiewicz<br \/>Katarzyna Ku\u0107-Czajkowska<\/h5>\n<p>\t\t\t<a href=\"https:\/\/revitalization.localdevelopment.eu\/wp-content\/uploads\/2022\/12\/ROLA-ADMINISTRACJI-PUBLICZNEJ-EBOOK.pdf\" target=\"_blank\" role=\"button\" rel=\"noopener\"><br \/>\n\t\t\t\t\t\tEbook &#8211; PDF<br \/>\n\t\t\t\t\t<\/a><br \/>\n\t\t\t\t\t\t\t\t\t\t\t\t\t\t\t<img decoding=\"async\" width=\"1024\" height=\"768\" src=\"https:\/\/revitalization.localdevelopment.eu\/wp-content\/uploads\/2022\/12\/REVITALIZARII-URBANE-EBOOK-1024x768.jpg\" alt=\"\" loading=\"lazy\" srcset=\"https:\/\/revitalization.localdevelopment.eu\/wp-content\/uploads\/2022\/12\/REVITALIZARII-URBANE-EBOOK-1024x768.jpg 1024w, https:\/\/revitalization.localdevelopment.eu\/wp-content\/uploads\/2022\/12\/REVITALIZARII-URBANE-EBOOK-300x225.jpg 300w, https:\/\/revitalization.localdevelopment.eu\/wp-content\/uploads\/2022\/12\/REVITALIZARII-URBANE-EBOOK-768x576.jpg 768w, https:\/\/revitalization.localdevelopment.eu\/wp-content\/uploads\/2022\/12\/REVITALIZARII-URBANE-EBOOK-1536x1152.jpg 1536w, https:\/\/revitalization.localdevelopment.eu\/wp-content\/uploads\/2022\/12\/REVITALIZARII-URBANE-EBOOK-1000x750.jpg 1000w, https:\/\/revitalization.localdevelopment.eu\/wp-content\/uploads\/2022\/12\/REVITALIZARII-URBANE-EBOOK-230x173.jpg 230w, https:\/\/revitalization.localdevelopment.eu\/wp-content\/uploads\/2022\/12\/REVITALIZARII-URBANE-EBOOK-350x263.jpg 350w, https:\/\/revitalization.localdevelopment.eu\/wp-content\/uploads\/2022\/12\/REVITALIZARII-URBANE-EBOOK-480x360.jpg 480w, https:\/\/revitalization.localdevelopment.eu\/wp-content\/uploads\/2022\/12\/REVITALIZARII-URBANE-EBOOK.jpg 1600w\" sizes=\"auto, (max-width: 1024px) 100vw, 1024px\" \/>\t\t\t\t\t\t\t\t\t\t\t\t\t\t\t<\/p>\n<h5>Poradnik wdra\u017cania modelu partycypacyjnego zarz\u0105dzania rewitalizacj\u0105 miasta<br \/>Wzorowany na modelach z Polski i Mo\u0142dawii<\/h5>\n<h5>Autorzy:<br \/>Mariusz W. Sienkiewicz<br \/>Katarzyna Ku\u0107-Czajkowska<\/h5>\n<p>\t\t\t<a href=\"https:\/\/revitalization.localdevelopment.eu\/wp-content\/uploads\/2022\/12\/REVITALIZARII-URBANE-EBOOK.pdf\" target=\"_blank\" role=\"button\" rel=\"noopener\"><br \/>\n\t\t\t\t\t\tEbook &#8211; PDF<br \/>\n\t\t\t\t\t<\/a><br \/>\n\t\t\t\t\t\t\t\t\t\t\t\t\t\t\t<img decoding=\"async\" width=\"1024\" height=\"652\" src=\"https:\/\/revitalization.localdevelopment.eu\/wp-content\/uploads\/2023\/01\/Program-Leova-1024x652.jpg\" alt=\"\" loading=\"lazy\" srcset=\"https:\/\/revitalization.localdevelopment.eu\/wp-content\/uploads\/2023\/01\/Program-Leova-1024x652.jpg 1024w, https:\/\/revitalization.localdevelopment.eu\/wp-content\/uploads\/2023\/01\/Program-Leova-300x191.jpg 300w, https:\/\/revitalization.localdevelopment.eu\/wp-content\/uploads\/2023\/01\/Program-Leova-768x489.jpg 768w, https:\/\/revitalization.localdevelopment.eu\/wp-content\/uploads\/2023\/01\/Program-Leova-1000x637.jpg 1000w, https:\/\/revitalization.localdevelopment.eu\/wp-content\/uploads\/2023\/01\/Program-Leova-230x146.jpg 230w, https:\/\/revitalization.localdevelopment.eu\/wp-content\/uploads\/2023\/01\/Program-Leova-350x223.jpg 350w, https:\/\/revitalization.localdevelopment.eu\/wp-content\/uploads\/2023\/01\/Program-Leova-480x306.jpg 480w, https:\/\/revitalization.localdevelopment.eu\/wp-content\/uploads\/2023\/01\/Program-Leova.jpg 1200w\" sizes=\"auto, (max-width: 1024px) 100vw, 1024px\" \/>\t\t\t\t\t\t\t\t\t\t\t\t\t\t\t<\/p>\n<h5>Program rewitalizacji miasta Leova na lata 2023-2027<br \/><\/h5>\n<h5>Autorzy:<br \/>Mariusz W. Sienkiewicz<br \/>Katarzyna Ku\u0107-Czajkowska<br \/>Urszula Bronisz<br \/>Marek Szajczyk<\/h5>\n<p>\t\t\t<a href=\"https:\/\/revitalization.localdevelopment.eu\/wp-content\/uploads\/2023\/01\/Rewitalizacja-Leova.pdf\" target=\"_blank\" role=\"button\" rel=\"noopener\"><br \/>\n\t\t\t\t\t\tEbook &#8211; PDF<br \/>\n\t\t\t\t\t<\/a><\/p>\n","protected":false},"excerpt":{"rendered":"<p>Publikacje ROLA ADMINISTRACJI PUBLICZNEJ W ZARZ\u0104DZANIU REWITALIZACJ\u0104 MIASTDo\u015bwiadczenia Polski i Mo\u0142dawii Redakcja naukowaMariusz W. SienkiewiczKatarzyna Ku\u0107-Czajkowska Ebook &#8211; PDF Poradnik wdra\u017cania modelu partycypacyjnego zarz\u0105dzania rewitalizacj\u0105 [&hellip;]<\/p>\n","protected":false},"author":1,"featured_media":0,"parent":0,"menu_order":0,"comment_status":"closed","ping_status":"closed","template":"elementor_header_footer","meta":{"ngg_post_thumbnail":0,"footnotes":""},"class_list":["post-564","page","type-page","status-publish","hentry"],"_links":{"self":[{"href":"https:\/\/revitalization.localdevelopment.eu\/index.php?rest_route=\/wp\/v2\/pages\/564","targetHints":{"allow":["GET"]}}],"collection":[{"href":"https:\/\/revitalization.localdevelopment.eu\/index.php?rest_route=\/wp\/v2\/pages"}],"about":[{"href":"https:\/\/revitalization.localdevelopment.eu\/index.php?rest_route=\/wp\/v2\/types\/page"}],"author":[{"embeddable":true,"href":"https:\/\/revitalization.localdevelopment.eu\/index.php?rest_route=\/wp\/v2\/users\/1"}],"replies":[{"embeddable":true,"href":"https:\/\/revitalization.localdevelopment.eu\/index.php?rest_route=%2Fwp%2Fv2%2Fcomments&post=564"}],"version-history":[{"count":38,"href":"https:\/\/revitalization.localdevelopment.eu\/index.php?rest_route=\/wp\/v2\/pages\/564\/revisions"}],"predecessor-version":[{"id":1317,"href":"https:\/\/revitalization.localdevelopment.eu\/index.php?rest_route=\/wp\/v2\/pages\/564\/revisions\/1317"}],"wp:attachment":[{"href":"https:\/\/revitalization.localdevelopment.eu\/index.php?rest_route=%2Fwp%2Fv2%2Fmedia&parent=564"}],"curies":[{"name":"wp","href":"https:\/\/api.w.org\/{rel}","templated":true}]}}