{"id":498,"date":"2022-08-29T22:00:39","date_gmt":"2022-08-29T22:00:39","guid":{"rendered":"https:\/\/revitalization.localdevelopment.eu\/?page_id=498"},"modified":"2022-11-17T18:00:59","modified_gmt":"2022-11-17T18:00:59","slug":"strona-glowna","status":"publish","type":"page","link":"https:\/\/revitalization.localdevelopment.eu\/","title":{"rendered":"Strona g\u0142\u00f3wna"},"content":{"rendered":"<style>\/*! elementor - v3.7.8 - 02-10-2022 *\/\n.elementor-widget-image{text-align:center}.elementor-widget-image a{display:inline-block}.elementor-widget-image a img[src$=\".svg\"]{width:48px}.elementor-widget-image img{vertical-align:middle;display:inline-block}<\/style>\n<p>\t\t\t\t\t\t\t\t\t\t\t\t<img decoding=\"async\" width=\"1024\" height=\"133\" src=\"https:\/\/revitalization.localdevelopment.eu\/wp-content\/uploads\/2022\/10\/logo-flaga-1024x133.jpg\" alt=\"\" loading=\"lazy\" srcset=\"https:\/\/revitalization.localdevelopment.eu\/wp-content\/uploads\/2022\/10\/logo-flaga-1024x133.jpg 1024w, https:\/\/revitalization.localdevelopment.eu\/wp-content\/uploads\/2022\/10\/logo-flaga-300x39.jpg 300w, https:\/\/revitalization.localdevelopment.eu\/wp-content\/uploads\/2022\/10\/logo-flaga-768x100.jpg 768w, https:\/\/revitalization.localdevelopment.eu\/wp-content\/uploads\/2022\/10\/logo-flaga-1536x200.jpg 1536w, https:\/\/revitalization.localdevelopment.eu\/wp-content\/uploads\/2022\/10\/logo-flaga-1000x130.jpg 1000w, https:\/\/revitalization.localdevelopment.eu\/wp-content\/uploads\/2022\/10\/logo-flaga-230x30.jpg 230w, https:\/\/revitalization.localdevelopment.eu\/wp-content\/uploads\/2022\/10\/logo-flaga-350x46.jpg 350w, https:\/\/revitalization.localdevelopment.eu\/wp-content\/uploads\/2022\/10\/logo-flaga-480x63.jpg 480w, https:\/\/revitalization.localdevelopment.eu\/wp-content\/uploads\/2022\/10\/logo-flaga.jpg 1920w\" sizes=\"auto, (max-width: 1024px) 100vw, 1024px\" \/>\t\t\t\t\t\t\t\t\t\t\t\t\t\t\t<\/p>\n<style>\/*! elementor - v3.7.8 - 02-10-2022 *\/\n.elementor-widget-divider{--divider-border-style:none;--divider-border-width:1px;--divider-color:#2c2c2c;--divider-icon-size:20px;--divider-element-spacing:10px;--divider-pattern-height:24px;--divider-pattern-size:20px;--divider-pattern-url:none;--divider-pattern-repeat:repeat-x}.elementor-widget-divider .elementor-divider{display:-webkit-box;display:-ms-flexbox;display:flex}.elementor-widget-divider .elementor-divider__text{font-size:15px;line-height:1;max-width:95%}.elementor-widget-divider .elementor-divider__element{margin:0 var(--divider-element-spacing);-ms-flex-negative:0;flex-shrink:0}.elementor-widget-divider .elementor-icon{font-size:var(--divider-icon-size)}.elementor-widget-divider .elementor-divider-separator{display:-webkit-box;display:-ms-flexbox;display:flex;margin:0;direction:ltr}.elementor-widget-divider--view-line_icon .elementor-divider-separator,.elementor-widget-divider--view-line_text .elementor-divider-separator{-webkit-box-align:center;-ms-flex-align:center;align-items:center}.elementor-widget-divider--view-line_icon .elementor-divider-separator:after,.elementor-widget-divider--view-line_icon .elementor-divider-separator:before,.elementor-widget-divider--view-line_text .elementor-divider-separator:after,.elementor-widget-divider--view-line_text .elementor-divider-separator:before{display:block;content:\"\";border-bottom:0;-webkit-box-flex:1;-ms-flex-positive:1;flex-grow:1;border-top:var(--divider-border-width) var(--divider-border-style) var(--divider-color)}.elementor-widget-divider--element-align-left .elementor-divider .elementor-divider-separator>.elementor-divider__svg:first-of-type{-webkit-box-flex:0;-ms-flex-positive:0;flex-grow:0;-ms-flex-negative:100;flex-shrink:100}.elementor-widget-divider--element-align-left .elementor-divider-separator:before{content:none}.elementor-widget-divider--element-align-left .elementor-divider__element{margin-left:0}.elementor-widget-divider--element-align-right .elementor-divider .elementor-divider-separator>.elementor-divider__svg:last-of-type{-webkit-box-flex:0;-ms-flex-positive:0;flex-grow:0;-ms-flex-negative:100;flex-shrink:100}.elementor-widget-divider--element-align-right .elementor-divider-separator:after{content:none}.elementor-widget-divider--element-align-right .elementor-divider__element{margin-right:0}.elementor-widget-divider:not(.elementor-widget-divider--view-line_text):not(.elementor-widget-divider--view-line_icon) .elementor-divider-separator{border-top:var(--divider-border-width) var(--divider-border-style) var(--divider-color)}.elementor-widget-divider--separator-type-pattern{--divider-border-style:none}.elementor-widget-divider--separator-type-pattern.elementor-widget-divider--view-line .elementor-divider-separator,.elementor-widget-divider--separator-type-pattern:not(.elementor-widget-divider--view-line) .elementor-divider-separator:after,.elementor-widget-divider--separator-type-pattern:not(.elementor-widget-divider--view-line) .elementor-divider-separator:before,.elementor-widget-divider--separator-type-pattern:not([class*=elementor-widget-divider--view]) .elementor-divider-separator{width:100%;min-height:var(--divider-pattern-height);-webkit-mask-size:var(--divider-pattern-size) 100%;mask-size:var(--divider-pattern-size) 100%;-webkit-mask-repeat:var(--divider-pattern-repeat);mask-repeat:var(--divider-pattern-repeat);background-color:var(--divider-color);-webkit-mask-image:var(--divider-pattern-url);mask-image:var(--divider-pattern-url)}.elementor-widget-divider--no-spacing{--divider-pattern-size:auto}.elementor-widget-divider--bg-round{--divider-pattern-repeat:round}.rtl .elementor-widget-divider .elementor-divider__text{direction:rtl}.e-container>.elementor-widget-divider{width:var(--container-widget-width,100%);--flex-grow:var(--container-widget-flex-grow,0)}<\/style>\n<style>\/*! elementor - v3.7.8 - 02-10-2022 *\/\nbody.elementor-page .elementor-widget-menu-anchor{margin-bottom:0}<\/style>\n<style>\/*! elementor - v3.7.8 - 02-10-2022 *\/\n.elementor-heading-title{padding:0;margin:0;line-height:1}.elementor-widget-heading .elementor-heading-title[class*=elementor-size-]>a{color:inherit;font-size:inherit;line-height:inherit}.elementor-widget-heading .elementor-heading-title.elementor-size-small{font-size:15px}.elementor-widget-heading .elementor-heading-title.elementor-size-medium{font-size:19px}.elementor-widget-heading .elementor-heading-title.elementor-size-large{font-size:29px}.elementor-widget-heading .elementor-heading-title.elementor-size-xl{font-size:39px}.elementor-widget-heading .elementor-heading-title.elementor-size-xxl{font-size:59px}<\/style>\n<h2>Cele projektu<\/h2>\n<p><b>Projekt \u201eNasza Leova\u201d. Wdro\u017cenie modelu partycypacyjnego zarz\u0105dzania rewitalizacj\u0105 miasta Leova w Mo\u0142dawii b\u0119dzie realizowany w terminie od sierpnia do grudnia 2022 r.<br \/><\/b><\/p>\n<hr \/>\n<p>Zosta\u0142 on wybrany jako jeden z najlepszych w konkursie Ministerstwa Spraw Zagranicznych \u201ePolska pomoc rozwojowa 2022\u201d. Celem konkursu w ramach <b>dzia\u0142ania \u201eR\u00f3wne szanse \u2013 zr\u00f3wnowa\u017cone miasta\u201d <\/b>(dzia\u0142anie CZR 11) by\u0142o m.in. wy\u0142onienie najlepszych ofert z propozycjami zada\u0144 publicznych, obejmuj\u0105cych realizacj\u0119 dzia\u0142a\u0144 rozwojowych, kt\u00f3re b\u0119d\u0105 s\u0142u\u017cy\u0142y poprawie jako\u015bci \u017cycia mieszka\u0144c\u00f3w miast poprzez rewitalizacj\u0119 przestrzeni miejskich, modernizacj\u0119 us\u0142ug komunalnych oraz zwi\u0119kszenie udzia\u0142u mieszka\u0144c\u00f3w w zarz\u0105dzaniu przestrzeni\u0105 miejsk\u0105.<\/p>\n<ul>\n<li><b>Zasadniczym celem projektu<\/b> jest wsparcie procesu rewitalizacji miasta Leova w Mo\u0142dawii. W oparciu o polskie do\u015bwiadczenia Fundacja Centrum Rozwoju Lokalnego przy wsp\u00f3\u0142pracy z partnerami \u2013 Instytutem Nauk Politycznych i Administracji UMCS oraz samorz\u0105dem miasta Leova w Mo\u0142dawii opracuje i wdro\u017cy system zarz\u0105dzania rewitalizacj\u0105 miasta Leova. Zasadniczym produktem realizowanych dzia\u0142a\u0144 b\u0119dzie program rewitalizacji.<\/li>\n<\/ul>\n<ul>\n<li><b>Naszym wsp\u00f3lnym celem<\/b> jest wypracowanie rozwi\u0105za\u0144 praktycznych zwi\u0119kszaj\u0105cych potencja\u0142 obszar\u00f3w miejskich, wymagaj\u0105cych interwencji oraz innowacyjnych rozwi\u0105za\u0144 opartych na wdro\u017ceniu modelu partycypacyjnego gospodarowania przestrzeni\u0105 miejsk\u0105 poprzez trwa\u0142\u0105 i systematyczn\u0105 wsp\u00f3\u0142prac\u0119 sektora publicznego, prywatnego i spo\u0142ecznego. Ma to przede wszystkim doprowadzi\u0107 do poprawy jako\u015bci \u017cycia mieszka\u0144c\u00f3w miasta.<\/li>\n<\/ul>\n<h2>Co chcemy osi\u0105gn\u0105\u0107?<\/h2>\n<h4 style=\"text-align: center;\">cele bezpo\u015brednie<\/h4>\n<p>\t\t\t\t\t\t\t\t\t\t\t\t\t\t\t<img decoding=\"async\" width=\"535\" height=\"667\" src=\"https:\/\/revitalization.localdevelopment.eu\/wp-content\/uploads\/2022\/08\/top-view-colorful-paper-planes-e1661889275190.jpg\" alt=\"\" loading=\"lazy\" srcset=\"https:\/\/revitalization.localdevelopment.eu\/wp-content\/uploads\/2022\/08\/top-view-colorful-paper-planes-e1661889275190.jpg 535w, https:\/\/revitalization.localdevelopment.eu\/wp-content\/uploads\/2022\/08\/top-view-colorful-paper-planes-e1661889275190-241x300.jpg 241w, https:\/\/revitalization.localdevelopment.eu\/wp-content\/uploads\/2022\/08\/top-view-colorful-paper-planes-e1661889275190-230x287.jpg 230w, https:\/\/revitalization.localdevelopment.eu\/wp-content\/uploads\/2022\/08\/top-view-colorful-paper-planes-e1661889275190-350x436.jpg 350w, https:\/\/revitalization.localdevelopment.eu\/wp-content\/uploads\/2022\/08\/top-view-colorful-paper-planes-e1661889275190-480x598.jpg 480w\" sizes=\"auto, (max-width: 535px) 100vw, 535px\" \/>\t\t\t\t\t\t\t\t\t\t\t\t\t\t\t<\/p>\n<ol>\n<li>Przekaza\u0107 wiedz\u0119 praktyczn\u0105 i umiej\u0119tno\u015bci przedstawicielom samorz\u0105du terytorialnego w Mo\u0142dawii w zakresie opracowania i wdra\u017cania partycypacyjnego modelu rewitalizacji obszar\u00f3w miejskich<\/li>\n<li>Podzieli\u0107 si\u0119 dobrymi praktykami i innowacyjnymi rozwi\u0105zaniami w zakresie projekt\u00f3w rewitalizacyjnych zrealizowanych na Lubelszczy\u017anie<\/li>\n<li>Zaprosi\u0107 uczestnik\u00f3w wizyt studyjnych w Polsce i pokaza\u0107, jak poprzez efektywn\u0105 rewitalizacj\u0119 zmieniaj\u0105 si\u0119 tereny problemowe miasta<\/li>\n<li>Osi\u0105gn\u0105\u0107 synergi\u0119 poprzez integracj\u0119 mi\u0119dzysektorow\u0105 spo\u0142eczno\u015bci lokalnych z terenu miasta Leova na rzecz wypracowania i wdro\u017cenia programu rewitalizacji obszar\u00f3w wymagaj\u0105cych interwencji<\/li>\n<li>Wspom\u00f3c instytucjonalny potencja\u0142 w\u0142adz lokalnych w zakresie rozwoju przestrzeni miejskiej dzi\u0119ki zaanga\u017cowaniu spo\u0142eczno\u015bci lokalnej<\/li>\n<li>Wypracowa\u0107 poprzez wsp\u00f3lnie realizowane dzia\u0142ania wachlarz instrument\u00f3w zarz\u0105dzania i gospodarowania miastem Leova<\/li>\n<li>Przygotowa\u0107 i wdro\u017cy\u0107 Program rewitalizacji miasta, tak aby pozosta\u0142e miasta Mo\u0142dawii dotkni\u0119te podobnymi problemami mog\u0142y skorzysta\u0107 z do\u015bwiadczenia Leovy<\/li>\n<\/ol>\n<h2>Co robimy?<\/h2>\n<h5 style=\"text-align: center;\">Planowane dzia\u0142ania<\/h5>\n<ol>\n<li>Konferencja inauguruj\u0105ca projekt w Kiszyniowie<\/li>\n<li>Szkolenie zdalne dla przedstawicieli administracji lokalnej pt. \u201eZarz\u0105dzanie rewitalizacj\u0105 i w\u0142\u0105czenie spo\u0142eczno\u015bci lokalnej we wdra\u017canie program\u00f3w rewitalizacji\u201d<\/li>\n<li>Wizyta studyjna w Polsce dla przedstawicieli samorz\u0105du miasta Leova<\/li>\n<li>Warsztaty partycypacyjne dotycz\u0105ce opracowania \u201eProgramu rewitalizacji miasta Leova\u201d<\/li>\n<li>Opracowanie dokumentu \u201eProgramu rewitalizacji miasta Leova\u201d<\/li>\n<li>Opracowanie \u201ePoradnika wdra\u017cania modelu partycypacyjnego zarz\u0105dzania rewitalizacj\u0105 miasta\u201d dla samorz\u0105d\u00f3w lokalnych w Mo\u0142dawii<\/li>\n<li>Naukowo-praktyczna mi\u0119dzynarodowa konferencja zdalna w Lublinie i Kiszyniowie pt. \u201eRola administracji publicznej w zarz\u0105dzaniu rewitalizacj\u0105 miast. Do\u015bwiadczenia Polski i Mo\u0142dawii\u201d<\/li>\n<\/ol>\n<h2>Dla kogo?<\/h2>\n<h5 style=\"text-align: center;\">Beneficjentami dzia\u0142a\u0144 projektowych b\u0119d\u0105 m.in.<\/h5>\n<ul>\n<li>spo\u0142eczno\u015b\u0107 lokalna oraz\/przede wszystkim grupy zagro\u017cone wykluczeniem spo\u0142ecznym miasta Leova<\/li>\n<li>przedstawiciele samorz\u0105du lokalnego Leovy<\/li>\n<li>przyszli cz\u0142onkowie komitetu rewitalizacji miasta Leova<\/li>\n<li>przedstawiciele samorz\u0105du terytorialnego Mo\u0142dawii<\/li>\n<li>organizacje spo\u0142eczne<\/li>\n<li>przedstawiciele lokalnego biznesu<\/li>\n<li>partnerzy wsp\u00f3\u0142realizuj\u0105cy projekt<\/li>\n<li>przedstawiciele jednostek samorz\u0105du terytorialnego z Lubelszczyzny<\/li>\n<li>aktywi\u015bci lokalni, eksperci, naukowcy, politycy, dziennikarze<\/li>\n<li>Mo\u0142dawia i Polska<\/li>\n<\/ul>\n","protected":false},"excerpt":{"rendered":"<p>Cele projektu Projekt \u201eNasza Leova\u201d. Wdro\u017cenie modelu partycypacyjnego zarz\u0105dzania rewitalizacj\u0105 miasta Leova w Mo\u0142dawii b\u0119dzie realizowany w terminie od sierpnia do grudnia 2022 r. Zosta\u0142 [&hellip;]<\/p>\n","protected":false},"author":1,"featured_media":0,"parent":0,"menu_order":0,"comment_status":"closed","ping_status":"closed","template":"page-templates\/page_front-page.php","meta":{"ngg_post_thumbnail":0,"footnotes":""},"class_list":["post-498","page","type-page","status-publish","hentry"],"_links":{"self":[{"href":"https:\/\/revitalization.localdevelopment.eu\/index.php?rest_route=\/wp\/v2\/pages\/498","targetHints":{"allow":["GET"]}}],"collection":[{"href":"https:\/\/revitalization.localdevelopment.eu\/index.php?rest_route=\/wp\/v2\/pages"}],"about":[{"href":"https:\/\/revitalization.localdevelopment.eu\/index.php?rest_route=\/wp\/v2\/types\/page"}],"author":[{"embeddable":true,"href":"https:\/\/revitalization.localdevelopment.eu\/index.php?rest_route=\/wp\/v2\/users\/1"}],"replies":[{"embeddable":true,"href":"https:\/\/revitalization.localdevelopment.eu\/index.php?rest_route=%2Fwp%2Fv2%2Fcomments&post=498"}],"version-history":[{"count":111,"href":"https:\/\/revitalization.localdevelopment.eu\/index.php?rest_route=\/wp\/v2\/pages\/498\/revisions"}],"predecessor-version":[{"id":1040,"href":"https:\/\/revitalization.localdevelopment.eu\/index.php?rest_route=\/wp\/v2\/pages\/498\/revisions\/1040"}],"wp:attachment":[{"href":"https:\/\/revitalization.localdevelopment.eu\/index.php?rest_route=%2Fwp%2Fv2%2Fmedia&parent=498"}],"curies":[{"name":"wp","href":"https:\/\/api.w.org\/{rel}","templated":true}]}}